{"id":38,"date":"2020-11-09T01:12:53","date_gmt":"2020-11-09T00:12:53","guid":{"rendered":"http:\/\/cekirdekgunluk.com\/?page_id=38"},"modified":"2020-11-22T01:18:52","modified_gmt":"2020-11-22T00:18:52","slug":"hakkimda","status":"publish","type":"page","link":"https:\/\/cekirdekgunluk.com\/?page_id=38","title":{"rendered":"\u00c7ekirdek G\u00fcnl\u00fck Nedir?"},"content":{"rendered":"\n<p class=\"has-text-align-center\"><strong><em>\u201c\u0130nsanlar karma\u015f\u0131kt\u0131r, ama bu rastgele bir karma\u015f\u0131kl\u0131k de\u011fildir\u201d.<\/em> <\/strong><br>Nancy McWilliams<\/p>\n\n\n\n<p><\/p>\n\n\n\n<p>Herkese Merhaba,<\/p>\n\n\n\n<p>Ben Dr. Tu\u011f\u00e7e Acemo\u011flu, klinik psikolo\u011fum ve ald\u0131\u011f\u0131m e\u011fitimler, edindi\u011fim deneyimler, biriktirdi\u011fim bilgiler \u0131\u015f\u0131\u011f\u0131nda \u00f6ncelikle anne-baba adaylar\u0131na ve anne-babalara olmak \u00fczere ama asl\u0131nda herkese y\u00f6nelik olabilecek, \u00e7o\u011funlukla ebeveyn deneyimlerini kapsayan bir i\u00e7erik olu\u015fturmak hedefiyle yola \u00e7\u0131kt\u0131m. \u0130\u015fte \u00c7ekirdek G\u00fcnl\u00fck bu \u015fekilde ortaya \u00e7\u0131kt\u0131. Amac\u0131m bebeklerle, \u00e7ocuklarla, anne\/baba olma s\u00fcreciyle ilgili bilgiler payla\u015fmak, bunlar\u0131 insan do\u011fas\u0131na ve ruhsall\u0131\u011f\u0131na dair bilgilerle zenginle\u015ftirmek, \u00f6zellikle bireysel s\u00fcre\u00e7lere odaklanmak, b\u00f6ylece anne-babalar\u0131 \u00e7ocuklu d\u00fczene m\u00fcmk\u00fcn oldu\u011funca haz\u0131rlamak, bu zorlu s\u00fcreci m\u00fcmk\u00fcn oldu\u011funca kolayla\u015ft\u0131rmak, daha anla\u015f\u0131l\u0131r k\u0131lmak ve hatta m\u00fcmk\u00fcnse keyifli bir hale getirmektir. <\/p>\n\n\n\n<p>A\u015fa\u011f\u0131daki k\u0131sa soru ve cevaplarda bu fikrin arkas\u0131ndaki hikayeyi ve altyap\u0131s\u0131n\u0131 bulabilirsiniz.<\/p>\n\n\n\n<p><strong>Bebekler ve \u00e7ocuklar \u00e7ok \u00f6nemliler, peki ya anne babalar?<\/strong><\/p>\n\n\n\n<p>G\u00fcn\u00fcm\u00fczde d\u00fcnyaya yeni gelen bebeklerimiz ile ilgilenen, onlar i\u00e7in neyin daha iyi, neyin daha k\u00f6t\u00fc oldu\u011funu s\u00f6yleyen, onlar\u0131n bak\u0131m\u0131yla ilgili tavsiyelerde bulunan, e\u011fitimler veren bir\u00e7ok ki\u015fi, kurum, kurulu\u015f, grup var. Bir bebe\u011fe\/\u00e7ocu\u011fa nas\u0131l davran\u0131laca\u011f\u0131na dair, nas\u0131l \u201ciyi\u201d ebeveyn olunaca\u011f\u0131na dair ve bebek\/\u00e7ocuk geli\u015fimi hakk\u0131nda olduk\u00e7a fazla olduk\u00e7a yaz\u0131l\u0131yor ve okunuyor. Bebekler ve \u00e7ocuklar bu ilgiyi kesinlikle hak etmektedir ve ebeveynlerin bu kaynaklardan faydalanmas\u0131 \u00e7ok \u00f6nemlidir. Ancak ben ilgi hak eden bir gruba daha dikkat \u00e7ekmek istiyorum: anneler ve babalar. Burada \u00f6nceliklendirdi\u011fim ama\u00e7 daha \u00f6nceden tan\u0131\u015f\u0131k olmad\u0131klar\u0131 bir d\u00f6neme girmi\u015f olan yeti\u015fkinlerin bireyselli\u011fine odaklanmak, deneyimlerini anlamland\u0131rmaya \u00e7al\u0131\u015fmak, onlara iyi gelmek, kendilerine kar\u015f\u0131 olan hassasiyetlerini artt\u0131rmak. \u00c7\u00fcnk\u00fc bir yenido\u011fan\u0131n d\u00fcnyam\u0131za al\u0131\u015fmas\u0131 nas\u0131l \u00e7etrefilliyse, nas\u0131l zorluklarla ve \u00e7at\u0131\u015fmalarla doluysa, bebe\u011fin geli\u015fiyle birlikte bir anne-baban\u0131n girdikleri yollar da ayn\u0131 \u015fekilde \u00e7etrefilli, zorlu ve \u00e7at\u0131\u015fmal\u0131 olabilmektedir.<\/p>\n\n\n\n<p><strong>Bebek ile gelenler ve vakit\u2026<\/strong><\/p>\n\n\n\n<p>\u00dczerinde durmak istedi\u011fim \u015feylerden bir tanesi, bir aileye bir bebek geldi\u011finde ya\u015fananlar\u0131n yeti\u015fkinlerin kendilerine dair bir i\u015faret olabilece\u011fidir. Ba\u015flang\u0131\u00e7 noktas\u0131n\u0131n bebekli\/\u00e7ocuklu hayat, bebe\u011fi\/\u00e7ocu\u011fu anlamaya \u00e7al\u0131\u015fma, bebekle\/\u00e7ocukla ileti\u015fim konular\u0131n\u0131n olmas\u0131n\u0131n sebebi aileye bir bireyin kat\u0131lmas\u0131n\u0131n psikolojik anlamda olduk\u00e7a zorlu ve yeti\u015fkin ruhsall\u0131\u011f\u0131nda bir\u00e7ok konuyu tetikleyici oldu\u011fu ger\u00e7e\u011fidir. \u00c7\u00fcnk\u00fc bir bebekle, bir \u00e7ocukla vakit ge\u00e7irirken, onu anlamaya \u00e7al\u0131\u015f\u0131rken, fark\u0131nda olunsun ya da olunmas\u0131n, ki\u015fi kendini \u00e7ok ciddi g\u00f6zden ge\u00e7irmekte, \u00e7ok ciddi mercek alt\u0131na yat\u0131rmaktad\u0131r asl\u0131nda. \u0130\u015fte e\u011fer bu d\u00f6nemde yeti\u015fkinlerin i\u00e7 d\u00fcnyas\u0131na y\u00f6nelik bir fark\u0131ndal\u0131k \u00e7al\u0131\u015fmas\u0131 yap\u0131l\u0131rsa bunun bireysel oldu\u011fu kadar aileye y\u00f6nelik faydalar\u0131 da olabilecektir.<\/p>\n\n\n\n<p>Bebe\u011fimize istedi\u011fimiz anne-babal\u0131\u011f\u0131 yapmak i\u00e7in, fark\u0131ndal\u0131kl\u0131 olabilmemiz i\u00e7in bu s\u00fcre\u00e7te kendimize d\u00f6n\u00fcp bakmam\u0131z, kendimizi sa\u011faltmam\u0131z \u00e7ok faydal\u0131 olacakt\u0131r. Sonu\u00e7ta can canandan \u00f6nce gelmektedir ve birine iyi gelebilmemiz i\u00e7in iyi olmam\u0131z gerekir. Bir g\u00fcnde s\u0131n\u0131rl\u0131 bir vakit ve her insanda s\u0131n\u0131rl\u0131 bir enerji oldu\u011funu, bebekli bir hayatta neredeyse t\u00fcm vakit ve enerjinin bebek ile ge\u00e7ebilece\u011fini d\u00fc\u015f\u00fcn\u00fcrsek, harekete ge\u00e7en i\u00e7 d\u00fcnya ile ilgilenecek vakit bulman\u0131n \u00e7ok kolay olmad\u0131\u011f\u0131n\u0131 s\u00f6yleyebiliriz. Yine de bir yerden ba\u015flamak \u00f6nemlidir. Umudum burada bahsedilenlerin size temas etmesi, baz\u0131 anlarda yard\u0131mc\u0131 olmas\u0131d\u0131r.<\/p>\n\n\n\n<p><strong>Anne ve babay\u0131 anlamaya odaklan\u0131rken bebekler..<\/strong><\/p>\n\n\n\n<p>\u0130\u00e7erik olu\u015ftururken yeti\u015fkin psikolojisini \u00f6nceli\u011fe alm\u0131\u015f olsam da bebekleri ve insan geli\u015fimini bilmeden, onlar\u0131 anlamadan ilerlemeye \u00e7al\u0131\u015f\u0131rsak \u00e7ok \u00f6nemli bir k\u0131s\u0131m eksik kal\u0131r. Ayr\u0131ca \u00fcnl\u00fc psikanalist D.W.Winnicott\u2019un da belirtti\u011fi gibi, anneden ba\u011f\u0131ms\u0131z bir bebek, bebekten ba\u011f\u0131ms\u0131z bir anne d\u00fc\u015f\u00fcnmek m\u00fcmk\u00fcn de\u011fildir: \u201cTek ba\u015f\u0131na bebek diye bir \u015fey yoktur, var olan her zaman bir bak\u0131m alan\/veren ikilisidir: bir bebek ve ona bakan ki\u015fi&#8221;. Anneden konu\u015fmak demek ayn\u0131 zamanda bebe\u011finden de konu\u015fmak demek olaca\u011f\u0131 gibi, bebekten konu\u015fmak demek anneden de konu\u015fmak demek olacakt\u0131r. \u00c7o\u011fu zaman bebe\u011fin hissetti\u011fini anne de hissetmekte, annenin hissetti\u011fi bebe\u011fe de ge\u00e7mektedir. Ebeveyn-bebek aras\u0131nda kompleks ve d\u00f6ng\u00fcsel bir ili\u015fki vard\u0131r, dolay\u0131s\u0131yla bir taraf\u0131 di\u011fer taraftan ayr\u0131 d\u00fc\u015f\u00fcnemeyiz, anlayamay\u0131z. Bu nedenle burada bebek ve \u00e7ocuk geli\u015fimine dair, insana dair bilgiler de payla\u015f\u0131lacakt\u0131r.<\/p>\n\n\n\n<p>Bununla birlikte, her ne kadar literat\u00fcrde ve herkesin dilinde arka planda kalsalar da b\u00fct\u00fcn bunlar\u0131 babalar i\u00e7in de d\u00fc\u015f\u00fcnmenin m\u00fcmk\u00fcn oldu\u011funu s\u00f6ylenebilir, s\u00f6ylenmelidir. Annelerin \u00e7ocuklar\u0131yla kurduklar\u0131 ba\u011f\u0131n bamba\u015fka bir ba\u011f oldu\u011funu inkar edemeyiz, ancak bu baba rol\u00fcn\u00fcn hafife al\u0131nmas\u0131 gerekti\u011fi anlam\u0131na gelmemektedir, gelmemelidir.<\/p>\n\n\n\n<p>Bir bebe\u011fin aram\u0131za kat\u0131lmas\u0131yla, her zaman ayn\u0131 yo\u011funlukta olmasa da, hayat boyu e\u015flik edilecek biriyle art\u0131k bir araday\u0131zd\u0131r. Evdeki birinin sorunu varsa bunu tekil olarak d\u00fc\u015f\u00fcnmek m\u00fcmk\u00fcn de\u011fildir, sorunu anlamak i\u00e7in evdeki sistemi anlamak gerekir. Ayn\u0131 \u015fekilde, bir ki\u015fideki de\u011fi\u015fiklik t\u00fcm aileyi etkileyebilir. \u00d6nceliklendirdi\u011fim bireysel fark\u0131ndal\u0131\u011f\u0131n da dolayl\u0131 olarak bebe\u011fe\/\u00e7ocu\u011fa ve aile i\u00e7indeki ili\u015fkilere iyi gelece\u011fini d\u00fc\u015f\u00fcn\u00fcyorum, b\u00f6yle olmas\u0131n\u0131 umuyorum<em>.<\/em><\/p>\n\n\n\n<p><strong>Bu \u015fekilde bilgilenmek yeterli mi?<\/strong><\/p>\n\n\n\n<p>Bir \u015feyi bili\u015fsel d\u00fczeyde bilmekle duygusal olarak deneyimlemek aras\u0131nda \u00e7ok b\u00fcy\u00fck fark olsa da ve en kal\u0131c\u0131 \u00f6\u011frenme duygusal \u00f6\u011frenme yoluyla ger\u00e7ekle\u015fse de, burada bilgi payla\u015f\u0131m\u0131 yaparken bilginin \u00e7o\u011fu zaman g\u00fc\u00e7 olabildi\u011fi ve \u00fczerine \u00e7al\u0131\u015f\u0131ld\u0131\u011f\u0131nda faydal\u0131 olabildi\u011fi fikrinden yola \u00e7\u0131k\u0131lmaktad\u0131r. Bir insan\u0131 anlamak i\u00e7in multidisipliner d\u00fc\u015f\u00fcnmek gerekir; sadece bir bilim dal\u0131 ile bir \u015feylere cevap bulmak kolay de\u011fildir. Fakat biz burada psikolojik boyutta kal\u0131rsak \u00e7ok rahat ederiz, zira uzmanl\u0131k alan\u0131m odur ve her \u015feyden bahsetmek bir noktadan sonra hi\u00e7bir \u015feyden bahsedememeye d\u00f6n\u00fc\u015febilir. Psikoloji bireyin i\u00e7 d\u00fcnyas\u0131n\u0131, zihnini anlamam\u0131za olduk\u00e7a fazla yard\u0131mc\u0131 olacakt\u0131r.<\/p>\n\n\n\n<p>Bahsedilenlerin sadece yeti\u015fkin-\u00e7ocuk ili\u015fkisinde de\u011fil her t\u00fcrl\u00fc ili\u015fkide ge\u00e7erli oldu\u011fu da alt\u0131n\u0131 \u00e7izmek istedi\u011fim noktalardand\u0131r. G\u00fcn\u00fcm\u00fczde anne\/baba-\u00e7ocuk ili\u015fkisi \u00fczerine olduk\u00e7a fazla kaynak bulabiliriz. Platformda bunlara da yer verilecek, \u00f6nemli noktalar\u0131n alt\u0131 \u00e7izilecektir. Umuyorum ki, \u00e7ocukla olmas\u0131n\u0131n do\u011fru\/uygun\/iyi oldu\u011fu s\u00f6ylenenlerin asl\u0131nda her ili\u015fki i\u00e7in (insan\u0131n kendisiyle olan ili\u015fkisi de dahil) ge\u00e7erli oldu\u011fu fark edilecektir.<\/p>\n\n\n\n<p>Birilerinden fikir almak, \u00f6neri almak \u00f6nemlidir ve gerekli olabilir, ancak bunun i\u00e7in durumla ilgili kapsaml\u0131 bilgi sahibi olmak ve o \u00e7ocuk, o aile \u00f6zelinde olan bir m\u00fcdahalede bulunmak gerekir. Bunun i\u00e7in de bir uzmanla g\u00f6r\u00fc\u015fme ya da g\u00f6r\u00fc\u015fmeler yapmak \u00f6nemlidir. Burada payla\u015f\u0131lanlarla sadece baz\u0131 olgulara \u0131\u015f\u0131k tutulmas\u0131 ama\u00e7lanmaktad\u0131r.<\/p>\n\n\n\n<p><strong>Ruhsall\u0131\u011f\u0131n ritmi<\/strong><\/p>\n\n\n\n<p>Bunlarla birlikte, i\u00e7inde bulundu\u011fumuz h\u0131zl\u0131 t\u00fcketim \u00e7a\u011f\u0131n\u0131n ruhsall\u0131\u011fa uygun olmad\u0131\u011f\u0131n\u0131n, s\u00f6z konusu ruhsall\u0131k oldu\u011funda bir \u015feylerin \u00f6z\u00fcmsenmesinin zaman ald\u0131\u011f\u0131n\u0131n bilinciyle, sizlerle az zamanda \u00e7ok bilgi payla\u015fmak yerine, verilen bilgilerin \u00fczerinde d\u00fc\u015f\u00fcnmek i\u00e7in alan b\u0131rakmak istemekte ve bunun i\u00e7in de bilgileri, anlam kayb\u0131 olmamas\u0131na \u00f6zen g\u00f6stererek, m\u00fcmk\u00fcn oldu\u011funca k\u0131sa ve net bir \u015fekilde iletmeyi hedeflemekteyim. Bir di\u011fer yandan, olduk\u00e7a karma\u015f\u0131k oldu\u011fu s\u00f6ylenebilecek olan bu konuyu instagram \u00fczerinden payla\u015fma fikri buna ayk\u0131r\u0131 g\u00f6z\u00fckebilir. Bazen bir payla\u015f\u0131m kendi ba\u015f\u0131na havada kalabilir. Ancak payla\u015f\u0131mlar birbirini destekleyecek, zenginle\u015ftirecek, bir araya geldi\u011finde olabildi\u011fince derli toplu bir i\u00e7erik olu\u015fturacakt\u0131r. Konular\u0131 bulan\u0131k b\u0131rakmamaya \u00e7al\u0131\u015facak, m\u00fcmk\u00fcn oldu\u011funca zenginle\u015ftirecek, konularla ile ilgili birtak\u0131m a\u00e7\u0131klamalar ya da yorumlar yapacak, referanslar ekleyecek, bazen a\u00e7\u0131k u\u00e7lu sorular soraca\u011f\u0131m. Bu de\u011ferli konunun h\u0131zl\u0131 t\u00fcketime kurban gitmesini istememekteyim.<\/p>\n\n\n\n<p><strong>Psikoloji bilimi<\/strong><\/p>\n\n\n\n<p>\u0130nsan ruhuna dair y\u00fczy\u0131llar \u00f6ncesinden yaz\u0131lmaya ba\u015flanm\u0131\u015ft\u0131r; psikanalizin kurucusu Sigmund Freud, edebiyattan \u00e7ok \u015fey \u00f6\u011frendi\u011fini hi\u00e7bir zaman saklamam\u0131\u015f, tam aksine ondan \u00e7ok esinlendi\u011fini belirtmi\u015ftir. Ancak psikolojinin bir bilim dal\u0131 haline gelmesi son y\u00fczy\u0131lda ger\u00e7ekle\u015fmi\u015ftir, bu da uzun s\u00fcren bilimsel ara\u015ft\u0131rmalar ve g\u00f6zlemler sayesinde olmu\u015ftur ve bunlar sayesinde bir\u00e7ok kitap yaz\u0131lm\u0131\u015ft\u0131r. Bilim dura\u011fan de\u011fil, dinamiktir, baz\u0131 \u015feyler zamanla yanl\u0131\u015flanabilir ya da bir \u015feylerin \u00fczerine yeni kuramlar eklenebilir; psikoloji bilimi de bundan muaf de\u011fildir. Psikanaliz de Sigmund Freud\u2019dan sonra, \u00e7ok de\u011ferli psikanalistler\/ara\u015ft\u0131rmac\u0131lar sayesinde \u00e7ok yol kat etmi\u015ftir. Yine de, insana dair birtak\u0131m olgular\u0131n art\u0131k genelge\u00e7er oldu\u011fu s\u00f6ylenebilir. On y\u0131llard\u0131r \u00e7ok fazla ara\u015ft\u0131rma yap\u0131lm\u0131\u015f, \u00e7ok fazla \u015fey ke\u015ffedilmi\u015ftir. Yeri gelmi\u015fken: \u0130nsan do\u011fas\u0131na dair hi\u00e7bir \u015fey \u201cicat\u201d edilmemi\u015f, hepsi \u201cke\u015ffedilmi\u015f\u201dtir; yani yoktan var edilmemi\u015f, var olanlar ortaya \u00e7\u0131kar\u0131lm\u0131\u015ft\u0131r. Bunlar da yap\u0131lan \u00e7ok s\u0131k\u0131 g\u00f6zlemler sayesinde olmu\u015ftur ve anlama kolayl\u0131\u011f\u0131 sa\u011flamas\u0131 i\u00e7in bu ke\u015ffedilenlere adlar konmu\u015ftur. \u0130\u015fte bu platformda psikoloji biliminin ke\u015ffettiklerine yer verilecektir. <\/p>\n\n\n\n<p><strong>Anlamak, anlamak, sadece anlamak\u2026 Yeterli mi?<\/strong><\/p>\n\n\n\n<p>\u00d6ncelikli amac\u0131m anlamakt\u0131r; \u00f6neri vermek ya da bir \u015feyleri de\u011fi\u015ftirmek de\u011fil. Bir durumu anlaman\u0131n \u00f6neminin alt\u0131n\u0131 ne kadar \u00e7izsek azd\u0131r. Bazen bir \u015feylerin de\u011fi\u015fmesi, harekete ge\u00e7mesi, b\u0131rak\u0131labilmesi, tutulabilmesi, ne yapmak isteniyorsa onun yap\u0131lmas\u0131 i\u00e7in gereken \u015fey sadece o durumun anla\u015f\u0131lmas\u0131d\u0131r. Her konuda oldu\u011fu gibi s\u00f6z konusu ebeveyn-bebek\/\u00e7ocuk oldu\u011funda da bir \u015feyleri anlamak i\u00e7in bilgilenmek \u00f6nemlidir. Mesela be\u015f ya\u015f\u0131nda olman\u0131n ne demek oldu\u011funu, be\u015f ya\u015f\u0131ndaki \u00e7ocu\u011fun neler ya\u015fad\u0131\u011f\u0131n\u0131 bilmek, o be\u015f ya\u015f \u00e7ocu\u011funa ebeveyn olmay\u0131 kolayla\u015ft\u0131rmaktad\u0131r. Hepimiz zaman\u0131nda be\u015f ya\u015f\u0131nda olmu\u015fuzdur ancak o d\u00f6nemin ger\u00e7ekten nas\u0131l bir s\u00fcre\u00e7 oldu\u011funu hat\u0131rlamam\u0131z pek m\u00fcmk\u00fcn de\u011fildir. Bu her ya\u015f i\u00e7in b\u00f6yledir; ayn\u0131 \u015fey yenido\u011fan i\u00e7in de ge\u00e7erlidir ancak dilin\/s\u00f6z\u00fcn olmad\u0131\u011f\u0131 yerde i\u015f \u00e7ok daha zordur. Bilmek ruhsall\u0131kta o konuya yer a\u00e7may\u0131, o konuyla ba\u015f etmeyi kolayla\u015ft\u0131rmaktad\u0131r ancak dikkat edersek, burada yine kritik nokta bu bilgiler \u0131\u015f\u0131\u011f\u0131nda kar\u015f\u0131 taraf\u0131 anl\u0131yor olmakt\u0131r. Benzer sebeplerle, anne-babal\u0131\u011f\u0131 ya\u015farken, ruhsall\u0131kta bir alan a\u00e7mak i\u00e7in anne-baba olman\u0131n ne demek oldu\u011funu anlamak, bilmek de \u00f6nemlidir. \u00dcst\u00fcne \u00fcstl\u00fck, s\u00f6z konusu ilk bebekse, daha \u00f6nce anne-baba olmam\u0131\u015f\u0131zd\u0131r. <\/p>\n\n\n\n<p>\u0130\u00e7inde bulunulan durumu anlad\u0131ktan sonra o durum ile ilgili ne yap\u0131laca\u011f\u0131 karar\u0131 ise ki\u015finin kendisine kalmaktad\u0131r.<\/p>\n\n\n\n<p><strong>Evrensel do\u011frular ve biriciklik<\/strong><\/p>\n\n\n\n<p>\u015eunu hi\u00e7bir zaman unutmamak \u00f6nemlidir: <strong>Her insan biriciktir, kitaplarda genelge\u00e7er oldu\u011fu varsay\u0131lan olgulardan bahsedilmektedir ve bunlar\u0131 bilmek pek tabii \u00f6nemlidir ancak her \u015fey her insan \u00f6zelinde bir daha d\u00fc\u015f\u00fcn\u00fclmeli, o ki\u015finin biricikli\u011finde bir daha de\u011ferlendirilmelidir<\/strong>. \u00c7\u00fcnk\u00fc Nancy McWilliams\u2019\u0131n da belirtti\u011fi gibi, \u201c\u0130nsanlar karma\u015f\u0131kt\u0131r, ama bu rastgele bir karma\u015f\u0131kl\u0131k de\u011fildir\u201d. Burada yaz\u0131lacaklar\u0131n da \u00e7e\u015fitli kitaplardan al\u0131nan genel bilgiler oldu\u011fu, bu sayede de \u00e7o\u011funlu\u011fa temas edebilece\u011fi ancak her ki\u015finin \u00f6zelinde ba\u015fka anlamlara gelebilece\u011fi hat\u0131rlanmal\u0131d\u0131r.<\/p>\n\n\n\n<p><strong>\u00d6nemli son s\u00f6z<\/strong><\/p>\n\n\n\n<p>Bebeklerin ve \u00e7ocuklar\u0131n ruhsall\u0131\u011f\u0131 \u00f6nceliklidir, as\u0131l anla\u015f\u0131lma, korunma ihtiyac\u0131 olanlar onlard\u0131r ve \u00e7ocuk yapan yeti\u015fkinler art\u0131k ebeveynlikten sorumludur. Ancak tekrar edecek olursak, birine iyi gelebilmek i\u00e7in iyi olmak, birini anlayabilmek i\u00e7in yeterince anla\u015f\u0131lm\u0131\u015f olmak, birini koruyabilmek i\u00e7in yeterince korunmu\u015f olmak \u00f6nemlidir. Gerekti\u011finde oksijen maskesini \u00e7ocu\u011fa takmadan \u00f6nce yeti\u015fkinin kendi maskesini takmas\u0131 bu sebeple \u00f6nemlidir. Yeti\u015fkinlerin gerekti\u011finde kendilerine d\u00f6nme, psikolojik d\u00fczlemde kendileriyle ilgilenme ihtiya\u00e7lar\u0131 hafife al\u0131nmamal\u0131d\u0131r.<\/p>\n\n\n\n<p>Konu\u015fmak, d\u00fczg\u00fcn bir \u00e7er\u00e7evede yap\u0131ld\u0131\u011f\u0131nda olduk\u00e7a iyile\u015ftiricidir. Zaten psikanaliz tedavisi ilk zamanlar\u0131nda \u201ctalking cure\u201d olarak tan\u0131mlanm\u0131\u015ft\u0131r, yani \u201ckonu\u015fma tedavisi\u201d. Bunu do\u011frulamak istercesine, Ya\u015far Kemal de \u0130nce Memed\u2019de \u015f\u00f6yle s\u00f6yler: \u201cKonu\u015fan insan kolay kolay dertten \u00f6lmez. Bir insan konu\u015fmad\u0131 da i\u00e7ine g\u00f6m\u00fcld\u00fc m\u00fc sonu felakettir.\u201d<\/p>\n\n\n\n<p>Buradan size seslenirken, keyifli bir payla\u015f\u0131m s\u00fcreci olmas\u0131n\u0131, d\u00f6n\u00fc\u015ft\u00fcr\u00fcc\u00fc olma potansiyeli \u00e7ok y\u00fcksek olan bu ebeveynlik s\u00fcrecinin d\u00f6n\u00fc\u015ft\u00fcr\u00fcc\u00fc olmas\u0131na m\u00fcmk\u00fcn oldu\u011funca katk\u0131da bulunmay\u0131 diliyorum. Ayn\u0131 zamanda, bir \u015feyleri h\u0131zl\u0131ca \u00e7\u00f6z(e)meyecek ya da de\u011fi\u015ftir(e)meyecek olsa da, yap\u0131lacak payla\u015f\u0131mlar\u0131n bir \u015feyleri anlamland\u0131rmaya yard\u0131mc\u0131 olarak koruyucu bir fakt\u00f6r olmas\u0131n\u0131 umuyorum. Tabii kim bilir, belki d\u00f6n\u00fc\u015ft\u00fcr\u00fcc\u00fc bir s\u00fcrecin ba\u015flamas\u0131na yard\u0131mc\u0131 bile olabilir.<\/p>\n\n\n\n<p>\u0130\u00e7 d\u00fcnya hakk\u0131nda s\u00f6ylenecek \u00e7ok \u015fey, konu\u015facak \u00e7ok konu var. Bir yerden ba\u015flamak laz\u0131m, ba\u015flayal\u0131m.<\/p>\n\n\n\n<p>G\u00f6nderilere, bir zemin olu\u015fturmak amac\u0131yla \u00f6nemli birka\u00e7 noktay\u0131 belirterek ba\u015flayaca\u011f\u0131m, sonras\u0131nda gelecek olan payla\u015f\u0131mlar onlar \u00fczerine in\u015fa edilecek. \u0130lk payla\u015f\u0131m\u0131 a\u015fa\u011f\u0131da bulabilirsiniz.<br>Keyifli sohbetler olmas\u0131 dile\u011fiyle.. Tekrar ho\u015fgeldiniz.<\/p>\n\n\n<div class=\"display-posts-listing grid\"><div class=\"listing-item\"><a class=\"image\" href=\"https:\/\/cekirdekgunluk.com\/?p=163\"><img width=\"300\" height=\"300\" src=\"https:\/\/cekirdekgunluk.com\/wp-content\/uploads\/2020\/11\/1.2-300x300.jpg\" class=\"attachment-medium size-medium wp-post-image\" alt=\"\" loading=\"lazy\" srcset=\"https:\/\/cekirdekgunluk.com\/wp-content\/uploads\/2020\/11\/1.2-300x300.jpg 300w, https:\/\/cekirdekgunluk.com\/wp-content\/uploads\/2020\/11\/1.2-1024x1024.jpg 1024w, https:\/\/cekirdekgunluk.com\/wp-content\/uploads\/2020\/11\/1.2-150x150.jpg 150w, https:\/\/cekirdekgunluk.com\/wp-content\/uploads\/2020\/11\/1.2-768x768.jpg 768w, https:\/\/cekirdekgunluk.com\/wp-content\/uploads\/2020\/11\/1.2-620x620.jpg 620w, https:\/\/cekirdekgunluk.com\/wp-content\/uploads\/2020\/11\/1.2.jpg 1080w\" sizes=\"(max-width: 300px) 100vw, 300px\" \/><\/a> <\/div><\/div>\n","protected":false},"excerpt":{"rendered":"<p>\u201c\u0130nsanlar karma\u015f\u0131kt\u0131r, ama bu rastgele bir karma\u015f\u0131kl\u0131k de\u011fildir\u201d. Nancy McWilliams Herkese Merhaba, Ben Dr. Tu\u011f\u00e7e Acemo\u011flu, klinik psikolo\u011fum ve ald\u0131\u011f\u0131m e\u011fitimler, edindi\u011fim deneyimler, biriktirdi\u011fim bilgiler \u0131\u015f\u0131\u011f\u0131nda \u00f6ncelikle anne-baba adaylar\u0131na ve anne-babalara olmak \u00fczere ama asl\u0131nda herkese y\u00f6nelik olabilecek, \u00e7o\u011funlukla ebeveyn deneyimlerini kapsayan bir i\u00e7erik olu\u015fturmak hedefiyle yola \u00e7\u0131kt\u0131m. \u0130\u015fte \u00c7ekirdek G\u00fcnl\u00fck bu \u015fekilde ortaya \u00e7\u0131kt\u0131. [&hellip;]<\/p>\n","protected":false},"author":1,"featured_media":0,"parent":0,"menu_order":0,"comment_status":"closed","ping_status":"closed","template":"","meta":[],"_links":{"self":[{"href":"https:\/\/cekirdekgunluk.com\/index.php?rest_route=\/wp\/v2\/pages\/38"}],"collection":[{"href":"https:\/\/cekirdekgunluk.com\/index.php?rest_route=\/wp\/v2\/pages"}],"about":[{"href":"https:\/\/cekirdekgunluk.com\/index.php?rest_route=\/wp\/v2\/types\/page"}],"author":[{"embeddable":true,"href":"https:\/\/cekirdekgunluk.com\/index.php?rest_route=\/wp\/v2\/users\/1"}],"replies":[{"embeddable":true,"href":"https:\/\/cekirdekgunluk.com\/index.php?rest_route=%2Fwp%2Fv2%2Fcomments&post=38"}],"version-history":[{"count":53,"href":"https:\/\/cekirdekgunluk.com\/index.php?rest_route=\/wp\/v2\/pages\/38\/revisions"}],"predecessor-version":[{"id":312,"href":"https:\/\/cekirdekgunluk.com\/index.php?rest_route=\/wp\/v2\/pages\/38\/revisions\/312"}],"wp:attachment":[{"href":"https:\/\/cekirdekgunluk.com\/index.php?rest_route=%2Fwp%2Fv2%2Fmedia&parent=38"}],"curies":[{"name":"wp","href":"https:\/\/api.w.org\/{rel}","templated":true}]}}